{"id":2444,"date":"2026-02-28T23:34:59","date_gmt":"2026-02-28T23:34:59","guid":{"rendered":"https:\/\/www.fazele.eu\/?product=kamera-kopulkowa-bcs-l-eip25fsr5-ai1-g"},"modified":"2026-04-14T11:42:40","modified_gmt":"2026-04-14T11:42:40","slug":"kamera-kopulkowa-bcs-l-eip25fsr5-ai1-g","status":"publish","type":"product","link":"https:\/\/www.fazele.eu\/?product=kamera-kopulkowa-bcs-l-eip25fsr5-ai1-g","title":{"rendered":"Kamera kopu\u0142kowa BCS-L-EIP25FSR5-Ai1-G"},"content":{"rendered":"<div class=\"row\">\n<div class=\"col-12\">\n<h2>Kamera kopu\u0142kowa BCS-L-EIP25FSR5-Ai1-G<\/h2>\n<div>Model: BCS-L-EIP25FSR5-Ai1-G<\/div>\n<\/p><\/div>\n<div class=\"col-sm-6\">\n        <img decoding=\"async\" src=\"https:\/\/allegro2.eltrox.pl\/zdjecia\/46975\/kamera_kopukowa_bcsleip25fsr5ai1g_36bd2f7983b6a.jpg\" alt=\"\" style=\"margin: 10px auto 10px auto;max-width: 100%;width: 80%;width:inherit\" \/>\n    <\/div>\n<div class=\"col-sm-6\">\n<h3>Najwa\u017cniejsze cechy:<\/h3>\n<ul>\n<li>Kamera IP kopu\u0142owa 5Mpx<\/li>\n<li>Przetwornik 1\/2.7&#8243; PS CMOS<\/li>\n<li>Technologia SkyLight<\/li>\n<li>Obiektyw sta\u0142y 2.8mm<\/li>\n<li>WDR120dB<\/li>\n<li>IR 50m<\/li>\n<li>Mikrofon<\/li>\n<li>Obudowa IP67<\/li>\n<li>Wbudowane funkcje inteligentne<\/li>\n<\/ul><\/div>\n<\/div>\n","protected":false},"excerpt":{"rendered":"<p>Kamera kopu\u0142kowa BCS-L-EIP25FSR5-Ai1-G Model: BCS-L-EIP25FSR5-Ai1-G Najwa\u017cniejsze cechy: Kamera IP kopu\u0142owa 5Mpx Przetwornik 1\/2.7&#8243; PS CMOS Technologia SkyLight Obiektyw sta\u0142y 2.8mm [&hellip;]<\/p>\n","protected":false},"featured_media":2445,"comment_status":"open","ping_status":"closed","template":"","meta":{"site-sidebar-layout":"default","site-content-layout":"","ast-site-content-layout":"default","site-content-style":"default","site-sidebar-style":"default","ast-global-header-display":"","ast-banner-title-visibility":"","ast-main-header-display":"","ast-hfb-above-header-display":"","ast-hfb-below-header-display":"","ast-hfb-mobile-header-display":"","site-post-title":"","ast-breadcrumbs-content":"","ast-featured-img":"","footer-sml-layout":"","ast-disable-related-posts":"","theme-transparent-header-meta":"","adv-header-id-meta":"","stick-header-meta":"","header-above-stick-meta":"","header-main-stick-meta":"","header-below-stick-meta":"","astra-migrate-meta-layouts":"default","ast-page-background-enabled":"default","ast-page-background-meta":{"desktop":{"background-color":"var(--ast-global-color-5)","background-image":"","background-repeat":"repeat","background-position":"center center","background-size":"auto","background-attachment":"scroll","background-type":"","background-media":"","overlay-type":"","overlay-color":"","overlay-opacity":"","overlay-gradient":""},"tablet":{"background-color":"","background-image":"","background-repeat":"repeat","background-position":"center center","background-size":"auto","background-attachment":"scroll","background-type":"","background-media":"","overlay-type":"","overlay-color":"","overlay-opacity":"","overlay-gradient":""},"mobile":{"background-color":"","background-image":"","background-repeat":"repeat","background-position":"center center","background-size":"auto","background-attachment":"scroll","background-type":"","background-media":"","overlay-type":"","overlay-color":"","overlay-opacity":"","overlay-gradient":""}},"ast-content-background-meta":{"desktop":{"background-color":"var(--ast-global-color-4)","background-image":"","background-repeat":"repeat","background-position":"center center","background-size":"auto","background-attachment":"scroll","background-type":"","background-media":"","overlay-type":"","overlay-color":"","overlay-opacity":"","overlay-gradient":""},"tablet":{"background-color":"var(--ast-global-color-4)","background-image":"","background-repeat":"repeat","background-position":"center center","background-size":"auto","background-attachment":"scroll","background-type":"","background-media":"","overlay-type":"","overlay-color":"","overlay-opacity":"","overlay-gradient":""},"mobile":{"background-color":"var(--ast-global-color-4)","background-image":"","background-repeat":"repeat","background-position":"center center","background-size":"auto","background-attachment":"scroll","background-type":"","background-media":"","overlay-type":"","overlay-color":"","overlay-opacity":"","overlay-gradient":""}}},"product_brand":[],"product_cat":[53,54,32],"product_tag":[],"class_list":{"0":"post-2444","1":"product","2":"type-product","3":"status-publish","4":"has-post-thumbnail","6":"product_cat-kamery","7":"product_cat-kamery-ip","8":"product_cat-telewizja-przemyslowa","9":"desktop-align-left","10":"tablet-align-left","11":"mobile-align-left","13":"first","14":"instock","15":"taxable","16":"shipping-taxable","17":"purchasable","18":"product-type-simple"},"jetpack_sharing_enabled":true,"_links":{"self":[{"href":"https:\/\/www.fazele.eu\/index.php?rest_route=\/wp\/v2\/product\/2444","targetHints":{"allow":["GET"]}}],"collection":[{"href":"https:\/\/www.fazele.eu\/index.php?rest_route=\/wp\/v2\/product"}],"about":[{"href":"https:\/\/www.fazele.eu\/index.php?rest_route=\/wp\/v2\/types\/product"}],"replies":[{"embeddable":true,"href":"https:\/\/www.fazele.eu\/index.php?rest_route=%2Fwp%2Fv2%2Fcomments&post=2444"}],"wp:featuredmedia":[{"embeddable":true,"href":"https:\/\/www.fazele.eu\/index.php?rest_route=\/wp\/v2\/media\/2445"}],"wp:attachment":[{"href":"https:\/\/www.fazele.eu\/index.php?rest_route=%2Fwp%2Fv2%2Fmedia&parent=2444"}],"wp:term":[{"taxonomy":"product_brand","embeddable":true,"href":"https:\/\/www.fazele.eu\/index.php?rest_route=%2Fwp%2Fv2%2Fproduct_brand&post=2444"},{"taxonomy":"product_cat","embeddable":true,"href":"https:\/\/www.fazele.eu\/index.php?rest_route=%2Fwp%2Fv2%2Fproduct_cat&post=2444"},{"taxonomy":"product_tag","embeddable":true,"href":"https:\/\/www.fazele.eu\/index.php?rest_route=%2Fwp%2Fv2%2Fproduct_tag&post=2444"}],"curies":[{"name":"wp","href":"https:\/\/api.w.org\/{rel}","templated":true}]}}